{"id":190,"date":"2009-08-23T23:39:15","date_gmt":"2009-08-23T21:39:15","guid":{"rendered":"http:\/\/minval.org\/svm\/galeria\/viaje-a-china\/"},"modified":"2009-08-23T23:39:15","modified_gmt":"2009-08-23T21:39:15","slug":"viaje-a-china","status":"publish","type":"page","link":"http:\/\/minval.org\/svm\/?page_id=190","title":{"rendered":"Colecciones"},"content":{"rendered":"<p><!--:es--><\/p>\n<h3 style=\"text-align: justify;\">En esta p\u00e1gina se mostrar\u00e1n las colecciones de los aficionados. Pedimos a las personas que est\u00e9n interesadas en que su colecci\u00f3n figure en ella, nos manden un correo electr\u00f3nico a <a href=\"mailto:minval@minval.org\">minval@minval.org<\/a> para darles las instrucciones oportunas. Los derechos sobre las im\u00e1genes son de la persona a la que pertenece la colecci\u00f3n, s\u00f3lo se podr\u00e1n exponer con permiso\u00a0 expreso del autor y citando su procedencia.<\/h3>\n<h3>Gracias por su colaboraci\u00f3n<\/h3>\n<h3 style=\"text-align: center;\">\n<hr style=\"height: 1px;\" size=\"1\" \/><\/h3>\n<h2>Colecciones particulares<\/h2>\n<h4>\n<table style=\"width: 470px; height: 132px;\" border=\"0\">\n<tbody>\n<tr>\n<td>\n<h4><a href=\"http:\/\/minval.org\/svm\/?p=2823\">Jos\u00e9 Antonio D\u00edaz<\/a><\/h4>\n<h4><a href=\"http:\/\/minval.org\/svm\/?p=2724 \">Ram\u00f3n L\u00f3pez Garc\u00eda<\/a><\/h4>\n<h4><a href=\"http:\/\/minval.org\/svm\/?p=2750 \">Paco Mayor<\/a><\/h4>\n<h4><a href=\"http:\/\/minval.org\/svm\/?p=2695 \">Adri\u00e1n Pesudo Martinavarro<\/a><\/h4>\n<h4><a href=\"http:\/\/minval.org\/svm\/?p=1274 \"><strong>Juan Carlos Tar\u00edn Bacas<\/strong><\/a><\/h4>\n<h4><strong><a href=\"http:\/\/minval.org\/svm\/?p=3093\" target=\"_blank\" rel=\"noopener noreferrer\">Canseco-Su\u00e1rez<\/a><\/strong><\/h4>\n<h4><a href=\"http:\/\/minval.org\/svm\/?p=2945\" target=\"_blank\" rel=\"noopener noreferrer\">Jos\u00e9 Benavent<\/a><\/h4>\n<h4><a href=\"http:\/\/minval.org\/svm\/?p=3112\" target=\"_blank\" rel=\"noopener noreferrer\">Ruzo-Gibanel<\/a><\/h4>\n<\/td>\n<td><\/td>\n<td><\/td>\n<\/tr>\n<tr>\n<td><\/td>\n<td><\/td>\n<td><\/td>\n<\/tr>\n<\/tbody>\n<\/table>\n<\/h4>\n<h3><a href=\"http:\/\/minval.org\/svm\/?p=1274 \"><\/a><\/h3>\n<p><!--:--><!--:ca--><\/p>\n<h3>\n<div id=\"_mcePaste\">En aquesta p\u00e0gina es mostraran les col\u00b7leccions dels afeccionats. Demanem a les persones que estiguin interessades que la seva col\u00b7lecci\u00f3 figuri en ella, ens manin un correu electr\u00f2nic a minval@minval.org per a donar-los les instruccions oportunes. Els drets sobre les imatges s\u00f3n de la persona a la qual pertany la col\u00b7lecci\u00f3, nom\u00e9s es podran exposar amb perm\u00eds expr\u00e9s de l&#8217;autor i citant la seva proced\u00e8ncia.<\/div>\n<div id=\"_mcePaste\"><\/div>\n<div>Gr\u00e0cies per la seva col\u00b7laboraci\u00f3<\/div>\n<\/h3>\n<h3>\n<hr size=\"1\" \/><\/h3>\n<h2>Col\u00b7leccions particulars<\/h2>\n<h4><a href=\"http:\/\/minval.org\/svm\/?p=2823\">Jos\u00e9 Antonio D\u00edaz<\/a><\/h4>\n<h4><a href=\"http:\/\/minval.org\/svm\/?p=2724 \">Ram\u00f3n L\u00f3pez Garc\u00eda<\/a><\/h4>\n<h4><a href=\"http:\/\/minval.org\/svm\/?p=2750 \">Paco Mayor<\/a><\/h4>\n<h4><a href=\"http:\/\/minval.org\/svm\/?p=2695 \">Adri\u00e1n Pesudo Martinavarro<\/a><\/h4>\n<h4><a href=\"http:\/\/minval.org\/svm\/?p=1274 \">Juan Carlos Tar\u00edn Bacas<\/a><\/h4>\n<h4><a href=\"http:\/\/minval.org\/svm\/?p=3093\" target=\"_blank\" rel=\"noopener noreferrer\">Canseco-Su\u00e1rez<\/a><\/h4>\n<h4><a href=\"http:\/\/minval.org\/svm\/?p=2945\" target=\"_blank\" rel=\"noopener noreferrer\">Jos\u00e9 Benavent<\/a><\/h4>\n<h4><a href=\"http:\/\/minval.org\/svm\/?p=3112\" target=\"_blank\" rel=\"noopener noreferrer\">Ruzo-Gibanel<\/a><\/h4>\n<h4>\n<table style=\"height: 132px;\" border=\"0\">\n<tbody>\n<tr>\n<td><\/td>\n<td><\/td>\n<td><\/td>\n<\/tr>\n<tr>\n<td><\/td>\n<td><\/td>\n<td><\/td>\n<\/tr>\n<\/tbody>\n<\/table>\n<\/h4>\n<p><!--:--><!--:en--><\/p>\n<\/p>\n<p><!--:--><\/p>\n","protected":false},"excerpt":{"rendered":"<p>En esta p\u00e1gina se mostrar\u00e1n las colecciones de los aficionados. Pedimos a las personas que est\u00e9n interesadas en que su colecci\u00f3n figure en ella, nos manden un correo electr\u00f3nico a minval@minval.org para darles las instrucciones oportunas. Los derechos sobre las&#8230;<\/p>\n","protected":false},"author":2,"featured_media":0,"parent":2785,"menu_order":20,"comment_status":"closed","ping_status":"closed","template":"","meta":{"ngg_post_thumbnail":0,"footnotes":""},"_links":{"self":[{"href":"http:\/\/minval.org\/svm\/index.php?rest_route=\/wp\/v2\/pages\/190"}],"collection":[{"href":"http:\/\/minval.org\/svm\/index.php?rest_route=\/wp\/v2\/pages"}],"about":[{"href":"http:\/\/minval.org\/svm\/index.php?rest_route=\/wp\/v2\/types\/page"}],"author":[{"embeddable":true,"href":"http:\/\/minval.org\/svm\/index.php?rest_route=\/wp\/v2\/users\/2"}],"replies":[{"embeddable":true,"href":"http:\/\/minval.org\/svm\/index.php?rest_route=%2Fwp%2Fv2%2Fcomments&post=190"}],"version-history":[{"count":1,"href":"http:\/\/minval.org\/svm\/index.php?rest_route=\/wp\/v2\/pages\/190\/revisions"}],"predecessor-version":[{"id":3993,"href":"http:\/\/minval.org\/svm\/index.php?rest_route=\/wp\/v2\/pages\/190\/revisions\/3993"}],"up":[{"embeddable":true,"href":"http:\/\/minval.org\/svm\/index.php?rest_route=\/wp\/v2\/pages\/2785"}],"wp:attachment":[{"href":"http:\/\/minval.org\/svm\/index.php?rest_route=%2Fwp%2Fv2%2Fmedia&parent=190"}],"curies":[{"name":"wp","href":"https:\/\/api.w.org\/{rel}","templated":true}]}}