{"id":232,"date":"2009-10-09T13:38:08","date_gmt":"2009-10-09T11:38:08","guid":{"rendered":"http:\/\/minval.org\/svm\/?page_id=232"},"modified":"2009-10-09T13:38:08","modified_gmt":"2009-10-09T11:38:08","slug":"revistas","status":"publish","type":"page","link":"http:\/\/minval.org\/svm\/?page_id=232","title":{"rendered":"Revistas"},"content":{"rendered":"<p><!--:es--><\/p>\n<table style=\"width: 771px; height: 504px;\" border=\"0\">\n<tbody>\n<tr style=\"background-color: #66ffff;\">\n<td style=\"background-color: #66ffff;\">\n<h1>A<\/h1>\n<\/td>\n<\/tr>\n<tr>\n<td><\/td>\n<\/tr>\n<tr>\n<td>\n<h3><a href=\"http:\/\/minval.org\/svm\/?page_id=1007\">Algeps<\/a><\/h3>\n<\/td>\n<\/tr>\n<tr>\n<td>\n<h3>Azogue<\/h3>\n<\/td>\n<\/tr>\n<tr>\n<td>\n<h3><a href=\"http:\/\/minval.org\/svm\/?p=1931 \">Anales de Ciencias Naturales<\/a><\/h3>\n<\/td>\n<\/tr>\n<tr>\n<td>\n<h3><a href=\"http:\/\/minval.org\/svm\/?p=1927\">Anales de Historia Natural<\/a><\/h3>\n<\/td>\n<\/tr>\n<tr>\n<td>\n<h3>Anales de la Asociaci\u00f3n Espa\u00f1ola para el Progreso de las Ciencias<\/h3>\n<\/td>\n<\/tr>\n<tr>\n<td>\n<h3>Anales de la Sociedad Espa\u00f1ola de Historia Natural<\/h3>\n<\/td>\n<\/tr>\n<tr>\n<td>\n<h3><a href=\"http:\/\/minval.org\/svm\/?page_id=935\">Anales de Minas<\/a><\/h3>\n<\/td>\n<\/tr>\n<tr>\n<td>\n<h3><a href=\"http:\/\/minval.org\/svm\/?p=2071\">Anales del Instituto General y T\u00e9cnico de Valencia<\/a><\/h3>\n<\/td>\n<\/tr>\n<tr>\n<td>\n<h3><a href=\"http:\/\/minval.org\/svm\/?p=2075\">Anales del Instituto Nacional de 2\u00aa Ense\u00f1anza<\/a><\/h3>\n<\/td>\n<\/tr>\n<tr>\n<td><\/td>\n<\/tr>\n<tr>\n<td style=\"background-color: #66ffff;\">\n<h1>B<\/h1>\n<\/td>\n<\/tr>\n<tr>\n<td><\/td>\n<\/tr>\n<tr>\n<td>\n<h3><a href=\"http:\/\/minval.org\/svm\/?page_id=993\">Baritel<\/a><\/h3>\n<\/td>\n<\/tr>\n<tr>\n<td>\n<h3><a href=\"http:\/\/minval.org\/svm\/?page_id=1017\">Bocamina<\/a><\/h3>\n<\/td>\n<\/tr>\n<tr>\n<td>\n<h3><a href=\"http:\/\/minval.org\/svm\/?p=2186\">Bolet\u00edn de la Comisi\u00f3n del Mapa Geol\u00f3gico de Espa\u00f1a<\/a><\/h3>\n<\/td>\n<\/tr>\n<tr>\n<td>\n<h3>Bolet\u00edn de la Instituci\u00f3n Libre de Ense\u00f1anza<\/h3>\n<\/td>\n<\/tr>\n<tr>\n<td>\n<h3>Bolet\u00edn de la Real Sociedad Espa\u00f1ola de Historia Natural<\/h3>\n<\/td>\n<\/tr>\n<tr>\n<td>\n<h3>Bolet\u00edn de la Sociedad Aragonesa de Ciencias Naturales<\/h3>\n<\/td>\n<\/tr>\n<tr>\n<td>\n<h3><a href=\"http:\/\/minval.org\/svm\/?p=1992 \">Bolet\u00edn de la Sociedad Castellonense de Cultura<\/a><\/h3>\n<\/td>\n<\/tr>\n<tr>\n<td>\n<h3>Bolet\u00edn de la Sociedad Espa\u00f1ola de Historia Natural<\/h3>\n<\/td>\n<\/tr>\n<tr>\n<td>\n<h3><a href=\"http:\/\/minval.org\/svm\/?page_id=965\">Bolet\u00edn de la Sociedad Espa\u00f1ola de Mineralog\u00eda<\/a><\/h3>\n<\/td>\n<\/tr>\n<tr>\n<td>\n<h3>Butllet\u00ed de la Instituci\u00f3 Catalana d&#8217;Historia Natural<\/h3>\n<\/td>\n<\/tr>\n<tr>\n<td>\n<h3>Bolet\u00edn de la Sociedad Ib\u00e9rica de Ciencias Naturales<\/h3>\n<\/td>\n<\/tr>\n<tr>\n<td>\n<h3><a href=\"http:\/\/minval.org\/svm\/?p=2183 \">Bolet\u00edn del Instituto Geol\u00f3gico de Espa\u00f1a<\/a><\/h3>\n<\/td>\n<\/tr>\n<tr>\n<td>\n<h3><a href=\"http:\/\/minval.org\/svm\/?p=2187\">Bolet\u00edn del Instituto Geol\u00f3gico y Minero de Espa\u00f1a<\/a><\/h3>\n<\/td>\n<\/tr>\n<tr>\n<td>\n<h3><a href=\"http:\/\/minval.org\/svm\/?p=2189\">Bolet\u00edn Geol\u00f3gico y Minero<\/a><\/h3>\n<\/td>\n<\/tr>\n<tr>\n<td>\n<h3><a href=\"http:\/\/minval.org\/svm\/?page_id=942\">Bolet\u00edn Oficial de Minas<\/a><\/h3>\n<\/td>\n<\/tr>\n<tr>\n<td>\n<h3><a href=\"http:\/\/minval.org\/svm\/?page_id=933\">Bolet\u00edn Oficial de Minas y Metalurgia<\/a><\/h3>\n<\/td>\n<\/tr>\n<tr>\n<td>\n<h3>Bolet\u00edn Oficial de Minas, Metalurgia y Combustibles<\/h3>\n<\/td>\n<\/tr>\n<tr>\n<td><\/td>\n<\/tr>\n<tr>\n<td style=\"background-color: #66ffff;\">\n<h1>C<\/h1>\n<\/td>\n<\/tr>\n<tr>\n<td><\/td>\n<\/tr>\n<tr>\n<td>\n<h3>Colecci\u00f3n Informes<\/h3>\n<\/td>\n<\/tr>\n<tr>\n<td>\n<h3>Conferencias y Rese\u00f1as Cient\u00edficas de la Real Sociedad Espa\u00f1ola de Historia Natural<\/h3>\n<\/td>\n<\/tr>\n<tr>\n<td><\/td>\n<\/tr>\n<tr>\n<td style=\"background-color: #66ffff;\">\n<h1>E<\/h1>\n<\/td>\n<\/tr>\n<tr>\n<td><\/td>\n<\/tr>\n<tr>\n<td>\n<h3><a href=\"http:\/\/minval.org\/svm\/?p=1961\">Estad\u00edstica Minera de Espa\u00f1a<\/a><\/h3>\n<\/td>\n<\/tr>\n<tr>\n<td>\n<h3><a href=\"http:\/\/minval.org\/svm\/?p=1966 \">Estad\u00edstica Minera y Metal\u00fargica de Espa\u00f1a<\/a><\/h3>\n<\/td>\n<\/tr>\n<tr>\n<td>\n<h3><a href=\"http:\/\/minval.org\/svm\/?p=1924 \">Estudios Geol\u00f3gicos<\/a><\/h3>\n<\/td>\n<\/tr>\n<tr>\n<td><\/td>\n<\/tr>\n<tr>\n<td style=\"background-color: #66ffff;\">\n<h1>G<\/h1>\n<\/td>\n<\/tr>\n<tr>\n<td><\/td>\n<\/tr>\n<tr>\n<td>\n<h3><a href=\"http:\/\/minval.org\/svm\/?page_id=1024\">Geos<\/a><\/h3>\n<\/td>\n<\/tr>\n<tr>\n<td>\n<h3><a href=\"http:\/\/minval.org\/svm\/?p=1471\" target=\"_blank\" rel=\"noopener noreferrer\">Geogaceta<\/a><\/h3>\n<\/td>\n<\/tr>\n<tr>\n<td><\/td>\n<\/tr>\n<tr>\n<td style=\"background-color: #66ffff;\">\n<h1>I<\/h1>\n<\/td>\n<\/tr>\n<tr>\n<td><\/td>\n<\/tr>\n<tr>\n<td>\n<h3>Ib\u00e9rica<\/h3>\n<\/td>\n<\/tr>\n<tr>\n<td>\n<h3><a href=\"http:\/\/minval.org\/svm\/?p=2176 \">Infocalcita<\/a><\/h3>\n<\/td>\n<\/tr>\n<tr>\n<td>\n<h3>Infominer<\/h3>\n<\/td>\n<\/tr>\n<tr>\n<td><\/td>\n<\/tr>\n<tr>\n<td style=\"background-color: #66ffff;\">\n<h1>L<\/h1>\n<\/td>\n<\/tr>\n<tr>\n<td><\/td>\n<\/tr>\n<tr>\n<td>\n<h3>Lithos<\/h3>\n<\/td>\n<\/tr>\n<tr>\n<td><\/td>\n<\/tr>\n<tr>\n<td style=\"background-color: #66ffff;\">\n<h1>M<\/h1>\n<\/td>\n<\/tr>\n<tr>\n<td><\/td>\n<\/tr>\n<tr>\n<td>\n<h3><a href=\"http:\/\/minval.org\/svm\/?page_id=973\">Macla<\/a><\/h3>\n<\/td>\n<\/tr>\n<tr>\n<td>\n<h3><a href=\"http:\/\/minval.org\/svm\/?p=2149\">Mineral up<\/a><\/h3>\n<\/td>\n<\/tr>\n<tr>\n<td>\n<h3><a href=\"http:\/\/minval.org\/svm\/?p=2145 \">Mineralogistes de Catalunya<\/a><\/h3>\n<\/td>\n<\/tr>\n<tr>\n<td>\n<h3>Memorias de la Comisi\u00f3n del Mapa Geol\u00f3gico de Espa\u00f1a<\/h3>\n<\/td>\n<\/tr>\n<tr>\n<td>\n<h3>Memorias del Instituto Geol\u00f3gico de Espa\u00f1a<\/h3>\n<\/td>\n<\/tr>\n<tr>\n<td>\n<h3>Memorias del Instituto Geol\u00f3gico y Minero de Espa\u00f1a<\/h3>\n<\/td>\n<\/tr>\n<tr>\n<td><\/td>\n<\/tr>\n<tr>\n<td><\/td>\n<\/tr>\n<tr>\n<td style=\"background-color: #66ffff;\">\n<h1>P<\/h1>\n<\/td>\n<\/tr>\n<tr>\n<td><\/td>\n<\/tr>\n<tr>\n<td>\n<h3><a href=\"http:\/\/minval.org\/svm\/?page_id=1012\">Paleomina<\/a><\/h3>\n<\/td>\n<\/tr>\n<tr>\n<td><\/td>\n<\/tr>\n<tr>\n<td style=\"background-color: #66ffff;\">\n<h1>R<\/h1>\n<\/td>\n<\/tr>\n<tr>\n<td><\/td>\n<\/tr>\n<tr>\n<td>\n<h3><a href=\"http:\/\/minval.org\/svm\/?p=2148\">Revista de Minerales<\/a><\/h3>\n<\/td>\n<\/tr>\n<tr>\n<td>\n<h3><a href=\"http:\/\/minval.org\/svm\/?page_id=946\">Revista Minera (serie A)<\/a><\/h3>\n<\/td>\n<\/tr>\n<tr>\n<td>\n<h3><a href=\"http:\/\/minval.org\/svm\/?page_id=949\">Revista minera (serie B)<\/a><\/h3>\n<\/td>\n<\/tr>\n<tr>\n<td>\n<h3><a href=\"http:\/\/minval.org\/svm\/?page_id=955\">Revista Minera y Metal\u00fargica (serie C)<\/a><\/h3>\n<\/td>\n<\/tr>\n<tr>\n<td>\n<h3><a href=\"http:\/\/minval.org\/svm\/?page_id=955\">Revista Minera, Metal\u00fargica y de Ingenier\u00eda (serie C)<\/a><\/h3>\n<\/td>\n<\/tr>\n<tr>\n<td><\/td>\n<\/tr>\n<tr>\n<td style=\"background-color: #66ffff;\">\n<h1>S<\/h1>\n<\/td>\n<\/tr>\n<tr>\n<td><\/td>\n<\/tr>\n<tr>\n<td>\n<h3>Subsuelo<\/h3>\n<\/td>\n<\/tr>\n<tr>\n<td><\/td>\n<\/tr>\n<tr>\n<td style=\"background-color: #66ffff;\">\n<h1>T<\/h1>\n<\/td>\n<\/tr>\n<tr>\n<td><\/td>\n<\/tr>\n<tr>\n<td>\n<h3>Trabajos del Museo Nacional de Ciencias Naturales. Serie Geolog\u00eda<\/h3>\n<\/td>\n<\/tr>\n<tr>\n<td><\/td>\n<\/tr>\n<tr>\n<td><\/td>\n<\/tr>\n<\/tbody>\n<\/table>\n<p><!--:--><!--:ca--><\/p>\n<table style=\"border: 1px dashed #bbbbbb; cursor: default; width: 771px; height: 504px;\" border=\"0\">\n<tbody>\n<tr style=\"background-color: #66ffff;\">\n<td style=\"color: #000000; font-size: 11px; cursor: text; background-color: #66ffff; margin: 8px; border: 1px dashed #bbbbbb;\">\n<h1 style=\"font-size: 2em;\">A<\/h1>\n<\/td>\n<\/tr>\n<tr>\n<td style=\"color: #000000; font-size: 11px; cursor: text; margin: 8px; border: 1px dashed #bbbbbb;\"><\/td>\n<\/tr>\n<tr>\n<td style=\"color: #000000; font-size: 11px; cursor: text; margin: 8px; border: 1px dashed #bbbbbb;\">\n<h3 style=\"font-size: 1.17em;\"><a href=\"http:\/\/minval.org\/svm\/?page_id=1007\">Algeps<\/a><\/h3>\n<\/td>\n<\/tr>\n<tr>\n<td style=\"color: #000000; font-size: 11px; cursor: text; margin: 8px; border: 1px dashed #bbbbbb;\">\n<h3 style=\"font-size: 1.17em;\">Azogue<\/h3>\n<\/td>\n<\/tr>\n<tr>\n<td style=\"color: #000000; font-size: 11px; cursor: text; margin: 8px; border: 1px dashed #bbbbbb;\">\n<h3 style=\"font-size: 1.17em;\"><a href=\"http:\/\/minval.org\/svm\/?p=1931 \">Anales de Ciencias Naturales<\/a><\/h3>\n<\/td>\n<\/tr>\n<tr>\n<td style=\"color: #000000; font-size: 11px; cursor: text; margin: 8px; border: 1px dashed #bbbbbb;\">\n<h3 style=\"font-size: 1.17em;\"><a href=\"http:\/\/minval.org\/svm\/?p=1927\">Anales de Historia Natural<\/a><\/h3>\n<\/td>\n<\/tr>\n<tr>\n<td style=\"color: #000000; font-size: 11px; cursor: text; margin: 8px; border: 1px dashed #bbbbbb;\">\n<h3 style=\"font-size: 1.17em;\">Anales de la Asociaci\u00f3n Espa\u00f1ola para el Progreso de las Ciencias<\/h3>\n<\/td>\n<\/tr>\n<tr>\n<td style=\"color: #000000; font-size: 11px; cursor: text; margin: 8px; border: 1px dashed #bbbbbb;\">\n<h3 style=\"font-size: 1.17em;\">Anales de la Sociedad Espa\u00f1ola de Historia Natural<\/h3>\n<\/td>\n<\/tr>\n<tr>\n<td style=\"color: #000000; font-size: 11px; cursor: text; margin: 8px; border: 1px dashed #bbbbbb;\">\n<h3 style=\"font-size: 1.17em;\"><a href=\"http:\/\/minval.org\/svm\/?page_id=935\">Anales de Minas<\/a><\/h3>\n<\/td>\n<\/tr>\n<tr>\n<td style=\"color: #000000; font-size: 11px; cursor: text; margin: 8px; border: 1px dashed #bbbbbb;\">\n<h3 style=\"font-size: 1.17em;\"><a href=\"http:\/\/minval.org\/svm\/?p=2071\">Anales del Instituto General y T\u00e9cnico de Valencia<\/a><\/h3>\n<\/td>\n<\/tr>\n<tr>\n<td style=\"color: #000000; font-size: 11px; cursor: text; margin: 8px; border: 1px dashed #bbbbbb;\">\n<h3 style=\"font-size: 1.17em;\"><a href=\"http:\/\/minval.org\/svm\/?p=2075&amp;lang=ca\">Anales del Instituto Nacional de 2\u00aa Ense\u00f1anza<\/a><\/h3>\n<\/td>\n<\/tr>\n<tr>\n<td style=\"color: #000000; font-size: 11px; cursor: text; margin: 8px; border: 1px dashed #bbbbbb;\"><\/td>\n<\/tr>\n<tr>\n<td style=\"color: #000000; font-size: 11px; cursor: text; background-color: #66ffff; margin: 8px; border: 1px dashed #bbbbbb;\">\n<h1 style=\"font-size: 2em;\">B<\/h1>\n<\/td>\n<\/tr>\n<tr>\n<td style=\"color: #000000; font-size: 11px; cursor: text; margin: 8px; border: 1px dashed #bbbbbb;\"><\/td>\n<\/tr>\n<tr>\n<td style=\"color: #000000; font-size: 11px; cursor: text; margin: 8px; border: 1px dashed #bbbbbb;\">\n<h3 style=\"font-size: 1.17em;\"><a href=\"http:\/\/minval.org\/svm\/?page_id=993\">Baritel<\/a><\/h3>\n<\/td>\n<\/tr>\n<tr>\n<td style=\"color: #000000; font-size: 11px; cursor: text; margin: 8px; border: 1px dashed #bbbbbb;\">\n<h3 style=\"font-size: 1.17em;\"><a href=\"http:\/\/minval.org\/svm\/?page_id=1017\">Bocamina<\/a><\/h3>\n<\/td>\n<\/tr>\n<tr>\n<td style=\"color: #000000; font-size: 11px; cursor: text; margin: 8px; border: 1px dashed #bbbbbb;\">\n<h3 style=\"font-size: 1.17em;\"><a href=\"http:\/\/minval.org\/svm\/?p=2186\">Bolet\u00edn de la Comisi\u00f3n del Mapa Geol\u00f3gico de Espa\u00f1a<\/a><\/h3>\n<\/td>\n<\/tr>\n<tr>\n<td style=\"color: #000000; font-size: 11px; cursor: text; margin: 8px; border: 1px dashed #bbbbbb;\">\n<h3 style=\"font-size: 1.17em;\">Bolet\u00edn de la Instituci\u00f3n Libre de Ense\u00f1anza<\/h3>\n<\/td>\n<\/tr>\n<tr>\n<td style=\"color: #000000; font-size: 11px; cursor: text; margin: 8px; border: 1px dashed #bbbbbb;\">\n<h3 style=\"font-size: 1.17em;\">Bolet\u00edn de la Real Sociedad Espa\u00f1ola de Historia Natural<\/h3>\n<\/td>\n<\/tr>\n<tr>\n<td style=\"color: #000000; font-size: 11px; cursor: text; margin: 8px; border: 1px dashed #bbbbbb;\">\n<h3 style=\"font-size: 1.17em;\">Bolet\u00edn de la Sociedad Aragonesa de Ciencias Naturales<\/h3>\n<\/td>\n<\/tr>\n<tr>\n<td style=\"color: #000000; font-size: 11px; cursor: text; margin: 8px; border: 1px dashed #bbbbbb;\">\n<h3 style=\"font-size: 1.17em;\"><a href=\"http:\/\/minval.org\/svm\/?p=1992 \">Bolet\u00edn de la Sociedad Castellonense de Cultura<\/a><\/h3>\n<\/td>\n<\/tr>\n<tr>\n<td style=\"color: #000000; font-size: 11px; cursor: text; margin: 8px; border: 1px dashed #bbbbbb;\">\n<h3 style=\"font-size: 1.17em;\">Bolet\u00edn de la Sociedad Espa\u00f1ola de Historia Natural<\/h3>\n<\/td>\n<\/tr>\n<tr>\n<td style=\"color: #000000; font-size: 11px; cursor: text; margin: 8px; border: 1px dashed #bbbbbb;\">\n<h3 style=\"font-size: 1.17em;\"><a href=\"http:\/\/minval.org\/svm\/?page_id=965\">Bolet\u00edn de la Sociedad Espa\u00f1ola de Mineralog\u00eda<\/a><\/h3>\n<\/td>\n<\/tr>\n<tr>\n<td style=\"color: #000000; font-size: 11px; cursor: text; margin: 8px; border: 1px dashed #bbbbbb;\">\n<h3 style=\"font-size: 1.17em;\">Butllet\u00ed de la Instituci\u00f3 Catalana d&#8217;Historia Natural<\/h3>\n<\/td>\n<\/tr>\n<tr>\n<td style=\"color: #000000; font-size: 11px; cursor: text; margin: 8px; border: 1px dashed #bbbbbb;\">\n<h3 style=\"font-size: 1.17em;\">Bolet\u00edn de la Sociedad Ib\u00e9rica de Ciencias Naturales<\/h3>\n<\/td>\n<\/tr>\n<tr>\n<td style=\"color: #000000; font-size: 11px; cursor: text; margin: 8px; border: 1px dashed #bbbbbb;\">\n<h3 style=\"font-size: 1.17em;\"><a href=\"http:\/\/minval.org\/svm\/?p=2183 \">Bolet\u00edn del Instituto Geol\u00f3gico de Espa\u00f1a<\/a><\/h3>\n<\/td>\n<\/tr>\n<tr>\n<td style=\"color: #000000; font-size: 11px; cursor: text; margin: 8px; border: 1px dashed #bbbbbb;\">\n<h3 style=\"font-size: 1.17em;\"><a href=\"http:\/\/minval.org\/svm\/?p=2187\">Bolet\u00edn del Instituto Geol\u00f3gico y Minero de Espa\u00f1a<\/a><\/h3>\n<\/td>\n<\/tr>\n<tr>\n<td style=\"color: #000000; font-size: 11px; cursor: text; margin: 8px; border: 1px dashed #bbbbbb;\">\n<h3 style=\"font-size: 1.17em;\"><a href=\"http:\/\/minval.org\/svm\/?p=2189\">Bolet\u00edn Geol\u00f3gico y Minero<\/a><\/h3>\n<\/td>\n<\/tr>\n<tr>\n<td style=\"color: #000000; font-size: 11px; cursor: text; margin: 8px; border: 1px dashed #bbbbbb;\">\n<h3 style=\"font-size: 1.17em;\"><a href=\"http:\/\/minval.org\/svm\/?page_id=942\">Bolet\u00edn Oficial de Minas<\/a><\/h3>\n<\/td>\n<\/tr>\n<tr>\n<td style=\"color: #000000; font-size: 11px; cursor: text; margin: 8px; border: 1px dashed #bbbbbb;\">\n<h3 style=\"font-size: 1.17em;\"><a href=\"http:\/\/minval.org\/svm\/?page_id=933\">Bolet\u00edn Oficial de Minas y Metalurgia<\/a><\/h3>\n<\/td>\n<\/tr>\n<tr>\n<td style=\"color: #000000; font-size: 11px; cursor: text; margin: 8px; border: 1px dashed #bbbbbb;\">\n<h3 style=\"font-size: 1.17em;\">Bolet\u00edn Oficial de Minas, Metalurgia y Combustibles<\/h3>\n<\/td>\n<\/tr>\n<tr>\n<td style=\"color: #000000; font-size: 11px; cursor: text; margin: 8px; border: 1px dashed #bbbbbb;\"><\/td>\n<\/tr>\n<tr>\n<td style=\"color: #000000; font-size: 11px; cursor: text; background-color: #66ffff; margin: 8px; border: 1px dashed #bbbbbb;\">\n<h1 style=\"font-size: 2em;\">C<\/h1>\n<\/td>\n<\/tr>\n<tr>\n<td style=\"color: #000000; font-size: 11px; cursor: text; margin: 8px; border: 1px dashed #bbbbbb;\"><\/td>\n<\/tr>\n<tr>\n<td style=\"color: #000000; font-size: 11px; cursor: text; margin: 8px; border: 1px dashed #bbbbbb;\">\n<h3 style=\"font-size: 1.17em;\">Colecci\u00f3n Informes<\/h3>\n<\/td>\n<\/tr>\n<tr>\n<td style=\"color: #000000; font-size: 11px; cursor: text; margin: 8px; border: 1px dashed #bbbbbb;\">\n<h3 style=\"font-size: 1.17em;\">Conferencias y Rese\u00f1as Cient\u00edficas de la Real Sociedad Espa\u00f1ola de Historia Natural<\/h3>\n<\/td>\n<\/tr>\n<tr>\n<td style=\"color: #000000; font-size: 11px; cursor: text; margin: 8px; border: 1px dashed #bbbbbb;\"><\/td>\n<\/tr>\n<tr>\n<td style=\"color: #000000; font-size: 11px; cursor: text; background-color: #66ffff; margin: 8px; border: 1px dashed #bbbbbb;\">\n<h1 style=\"font-size: 2em;\">E<\/h1>\n<\/td>\n<\/tr>\n<tr>\n<td style=\"color: #000000; font-size: 11px; cursor: text; margin: 8px; border: 1px dashed #bbbbbb;\"><\/td>\n<\/tr>\n<tr>\n<td style=\"color: #000000; font-size: 11px; cursor: text; margin: 8px; border: 1px dashed #bbbbbb;\">\n<h3 style=\"font-size: 1.17em;\"><a href=\"http:\/\/minval.org\/svm\/?p=1961\">Estad\u00edstica Minera de Espa\u00f1a<\/a><\/h3>\n<\/td>\n<\/tr>\n<tr>\n<td style=\"color: #000000; font-size: 11px; cursor: text; margin: 8px; border: 1px dashed #bbbbbb;\">\n<h3 style=\"font-size: 1.17em;\"><a href=\"http:\/\/minval.org\/svm\/?p=1966 \">Estad\u00edstica Minera y Metal\u00fargica de Espa\u00f1a<\/a><\/h3>\n<\/td>\n<\/tr>\n<tr>\n<td style=\"color: #000000; font-size: 11px; cursor: text; margin: 8px; border: 1px dashed #bbbbbb;\">\n<h3 style=\"font-size: 1.17em;\"><a href=\"http:\/\/minval.org\/svm\/?p=1924 \">Estudios Geol\u00f3gicos<\/a><\/h3>\n<\/td>\n<\/tr>\n<tr>\n<td style=\"color: #000000; font-size: 11px; cursor: text; margin: 8px; border: 1px dashed #bbbbbb;\"><\/td>\n<\/tr>\n<tr>\n<td style=\"color: #000000; font-size: 11px; cursor: text; background-color: #66ffff; margin: 8px; border: 1px dashed #bbbbbb;\">\n<h1 style=\"font-size: 2em;\">G<\/h1>\n<\/td>\n<\/tr>\n<tr>\n<td style=\"color: #000000; font-size: 11px; cursor: text; margin: 8px; border: 1px dashed #bbbbbb;\"><\/td>\n<\/tr>\n<tr>\n<td style=\"color: #000000; font-size: 11px; cursor: text; margin: 8px; border: 1px dashed #bbbbbb;\">\n<h3 style=\"font-size: 1.17em;\"><a href=\"http:\/\/minval.org\/svm\/?page_id=1024\">Geos<\/a><\/h3>\n<\/td>\n<\/tr>\n<tr>\n<td style=\"color: #000000; font-size: 11px; cursor: text; margin: 8px; border: 1px dashed #bbbbbb;\">\n<h3 style=\"font-size: 1.17em;\"><a href=\"http:\/\/minval.org\/svm\/?p=1471\" target=\"_blank\" rel=\"noopener noreferrer\">Geogaceta<\/a><\/h3>\n<\/td>\n<\/tr>\n<tr>\n<td style=\"color: #000000; font-size: 11px; cursor: text; margin: 8px; border: 1px dashed #bbbbbb;\"><\/td>\n<\/tr>\n<tr>\n<td style=\"color: #000000; font-size: 11px; cursor: text; background-color: #66ffff; margin: 8px; border: 1px dashed #bbbbbb;\">\n<h1 style=\"font-size: 2em;\">I<\/h1>\n<\/td>\n<\/tr>\n<tr>\n<td style=\"color: #000000; font-size: 11px; cursor: text; margin: 8px; border: 1px dashed #bbbbbb;\"><\/td>\n<\/tr>\n<tr>\n<td style=\"color: #000000; font-size: 11px; cursor: text; margin: 8px; border: 1px dashed #bbbbbb;\">\n<h3 style=\"font-size: 1.17em;\">Ib\u00e9rica<\/h3>\n<\/td>\n<\/tr>\n<tr>\n<td style=\"color: #000000; font-size: 11px; cursor: text; margin: 8px; border: 1px dashed #bbbbbb;\">\n<h3 style=\"font-size: 1.17em;\"><a href=\"http:\/\/minval.org\/svm\/?p=2176 \">Infocalcita<\/a><\/h3>\n<\/td>\n<\/tr>\n<tr>\n<td style=\"color: #000000; font-size: 11px; cursor: text; margin: 8px; border: 1px dashed #bbbbbb;\">\n<h3 style=\"font-size: 1.17em;\">Infominer<\/h3>\n<\/td>\n<\/tr>\n<tr>\n<td style=\"color: #000000; font-size: 11px; cursor: text; margin: 8px; border: 1px dashed #bbbbbb;\"><\/td>\n<\/tr>\n<tr>\n<td style=\"color: #000000; font-size: 11px; cursor: text; background-color: #66ffff; margin: 8px; border: 1px dashed #bbbbbb;\">\n<h1 style=\"font-size: 2em;\">L<\/h1>\n<\/td>\n<\/tr>\n<tr>\n<td style=\"color: #000000; font-size: 11px; cursor: text; margin: 8px; border: 1px dashed #bbbbbb;\"><\/td>\n<\/tr>\n<tr>\n<td style=\"color: #000000; font-size: 11px; cursor: text; margin: 8px; border: 1px dashed #bbbbbb;\">\n<h3 style=\"font-size: 1.17em;\">Lithos<\/h3>\n<\/td>\n<\/tr>\n<tr>\n<td style=\"color: #000000; font-size: 11px; cursor: text; margin: 8px; border: 1px dashed #bbbbbb;\"><\/td>\n<\/tr>\n<tr>\n<td style=\"color: #000000; font-size: 11px; cursor: text; background-color: #66ffff; margin: 8px; border: 1px dashed #bbbbbb;\">\n<h1 style=\"font-size: 2em;\">M<\/h1>\n<\/td>\n<\/tr>\n<tr>\n<td style=\"color: #000000; font-size: 11px; cursor: text; margin: 8px; border: 1px dashed #bbbbbb;\"><\/td>\n<\/tr>\n<tr>\n<td style=\"color: #000000; font-size: 11px; cursor: text; margin: 8px; border: 1px dashed #bbbbbb;\">\n<h3 style=\"font-size: 1.17em;\"><a href=\"http:\/\/minval.org\/svm\/?page_id=973\">Macla<\/a><\/h3>\n<\/td>\n<\/tr>\n<tr>\n<td style=\"color: #000000; font-size: 11px; cursor: text; margin: 8px; border: 1px dashed #bbbbbb;\">\n<h3 style=\"font-size: 1.17em;\"><a href=\"http:\/\/minval.org\/svm\/?p=2149\">Mineral up<\/a><\/h3>\n<\/td>\n<\/tr>\n<tr>\n<td style=\"color: #000000; font-size: 11px; cursor: text; margin: 8px; border: 1px dashed #bbbbbb;\">\n<h3 style=\"font-size: 1.17em;\"><a href=\"http:\/\/minval.org\/svm\/?p=2145 \">Mineralogistes de Catalunya<\/a><\/h3>\n<\/td>\n<\/tr>\n<tr>\n<td style=\"color: #000000; font-size: 11px; cursor: text; margin: 8px; border: 1px dashed #bbbbbb;\">\n<h3 style=\"font-size: 1.17em;\">Memorias de la Comisi\u00f3n del Mapa Geol\u00f3gico de Espa\u00f1a<\/h3>\n<\/td>\n<\/tr>\n<tr>\n<td style=\"color: #000000; font-size: 11px; cursor: text; margin: 8px; border: 1px dashed #bbbbbb;\">\n<h3 style=\"font-size: 1.17em;\">Memorias del Instituto Geol\u00f3gico de Espa\u00f1a<\/h3>\n<\/td>\n<\/tr>\n<tr>\n<td style=\"color: #000000; font-size: 11px; cursor: text; margin: 8px; border: 1px dashed #bbbbbb;\">\n<h3 style=\"font-size: 1.17em;\">Memorias del Instituto Geol\u00f3gico y Minero de Espa\u00f1a<\/h3>\n<\/td>\n<\/tr>\n<tr>\n<td style=\"color: #000000; font-size: 11px; cursor: text; margin: 8px; border: 1px dashed #bbbbbb;\"><\/td>\n<\/tr>\n<tr>\n<td style=\"color: #000000; font-size: 11px; cursor: text; margin: 8px; border: 1px dashed #bbbbbb;\"><\/td>\n<\/tr>\n<tr>\n<td style=\"color: #000000; font-size: 11px; cursor: text; background-color: #66ffff; margin: 8px; border: 1px dashed #bbbbbb;\">\n<h1 style=\"font-size: 2em;\">P<\/h1>\n<\/td>\n<\/tr>\n<tr>\n<td style=\"color: #000000; font-size: 11px; cursor: text; margin: 8px; border: 1px dashed #bbbbbb;\"><\/td>\n<\/tr>\n<tr>\n<td style=\"color: #000000; font-size: 11px; cursor: text; margin: 8px; border: 1px dashed #bbbbbb;\">\n<h3 style=\"font-size: 1.17em;\"><a href=\"http:\/\/minval.org\/svm\/?page_id=1012\">Paleomina<\/a><\/h3>\n<\/td>\n<\/tr>\n<tr>\n<td style=\"color: #000000; font-size: 11px; cursor: text; margin: 8px; border: 1px dashed #bbbbbb;\"><\/td>\n<\/tr>\n<tr>\n<td style=\"color: #000000; font-size: 11px; cursor: text; background-color: #66ffff; margin: 8px; border: 1px dashed #bbbbbb;\">\n<h1 style=\"font-size: 2em;\">R<\/h1>\n<\/td>\n<\/tr>\n<tr>\n<td style=\"color: #000000; font-size: 11px; cursor: text; margin: 8px; border: 1px dashed #bbbbbb;\"><\/td>\n<\/tr>\n<tr>\n<td style=\"color: #000000; font-size: 11px; cursor: text; margin: 8px; border: 1px dashed #bbbbbb;\">\n<h3 style=\"font-size: 1.17em;\"><a href=\"http:\/\/minval.org\/svm\/?p=2148\">Revista de Minerales<\/a><\/h3>\n<\/td>\n<\/tr>\n<tr>\n<td style=\"color: #000000; font-size: 11px; cursor: text; margin: 8px; border: 1px dashed #bbbbbb;\">\n<h3 style=\"font-size: 1.17em;\"><a href=\"http:\/\/minval.org\/svm\/?page_id=946\">Revista Minera (serie A)<\/a><\/h3>\n<\/td>\n<\/tr>\n<tr>\n<td style=\"color: #000000; font-size: 11px; cursor: text; margin: 8px; border: 1px dashed #bbbbbb;\">\n<h3 style=\"font-size: 1.17em;\"><a href=\"http:\/\/minval.org\/svm\/?page_id=949\">Revista minera (serie B)<\/a><\/h3>\n<\/td>\n<\/tr>\n<tr>\n<td style=\"color: #000000; font-size: 11px; cursor: text; margin: 8px; border: 1px dashed #bbbbbb;\">\n<h3 style=\"font-size: 1.17em;\"><a href=\"http:\/\/minval.org\/svm\/?page_id=955\">Revista Minera y Metal\u00fargica (serie C)<\/a><\/h3>\n<\/td>\n<\/tr>\n<tr>\n<td style=\"color: #000000; font-size: 11px; cursor: text; margin: 8px; border: 1px dashed #bbbbbb;\">\n<h3 style=\"font-size: 1.17em;\"><a href=\"http:\/\/minval.org\/svm\/?page_id=955\">Revista Minera, Metal\u00fargica y de Ingenier\u00eda (serie C)<\/a><\/h3>\n<\/td>\n<\/tr>\n<tr>\n<td style=\"color: #000000; font-size: 11px; cursor: text; margin: 8px; border: 1px dashed #bbbbbb;\"><\/td>\n<\/tr>\n<tr>\n<td style=\"color: #000000; font-size: 11px; cursor: text; background-color: #66ffff; margin: 8px; border: 1px dashed #bbbbbb;\">\n<h1 style=\"font-size: 2em;\">S<\/h1>\n<\/td>\n<\/tr>\n<tr>\n<td style=\"color: #000000; font-size: 11px; cursor: text; margin: 8px; border: 1px dashed #bbbbbb;\"><\/td>\n<\/tr>\n<tr>\n<td style=\"color: #000000; font-size: 11px; cursor: text; margin: 8px; border: 1px dashed #bbbbbb;\">\n<h3 style=\"font-size: 1.17em;\">Subsuelo<\/h3>\n<\/td>\n<\/tr>\n<tr>\n<td style=\"color: #000000; font-size: 11px; cursor: text; margin: 8px; border: 1px dashed #bbbbbb;\"><\/td>\n<\/tr>\n<tr>\n<td style=\"color: #000000; font-size: 11px; cursor: text; background-color: #66ffff; margin: 8px; border: 1px dashed #bbbbbb;\">\n<h1 style=\"font-size: 2em;\">T<\/h1>\n<\/td>\n<\/tr>\n<tr>\n<td style=\"color: #000000; font-size: 11px; cursor: text; margin: 8px; border: 1px dashed #bbbbbb;\"><\/td>\n<\/tr>\n<tr>\n<td style=\"color: #000000; font-size: 11px; cursor: text; margin: 8px; border: 1px dashed #bbbbbb;\">\n<h3 style=\"font-size: 1.17em;\">Trabajos del Museo Nacional de Ciencias Naturales. Serie Geolog\u00eda<\/h3>\n<\/td>\n<\/tr>\n<tr>\n<td style=\"color: #000000; font-size: 11px; cursor: text; margin: 8px; border: 1px dashed #bbbbbb;\"><\/td>\n<\/tr>\n<tr>\n<td style=\"color: #000000; font-size: 11px; cursor: text; margin: 8px; border: 1px dashed #bbbbbb;\"><\/td>\n<\/tr>\n<\/tbody>\n<\/table>\n<p><!--:--><\/p>\n","protected":false},"excerpt":{"rendered":"<p>A Algeps Azogue Anales de Ciencias Naturales Anales de Historia Natural Anales de la Asociaci\u00f3n Espa\u00f1ola para el Progreso de las Ciencias Anales de la Sociedad Espa\u00f1ola de Historia Natural Anales de Minas Anales del Instituto General y T\u00e9cnico de&#8230;<\/p>\n","protected":false},"author":3,"featured_media":0,"parent":195,"menu_order":2,"comment_status":"closed","ping_status":"closed","template":"","meta":{"ngg_post_thumbnail":0,"footnotes":""},"_links":{"self":[{"href":"http:\/\/minval.org\/svm\/index.php?rest_route=\/wp\/v2\/pages\/232"}],"collection":[{"href":"http:\/\/minval.org\/svm\/index.php?rest_route=\/wp\/v2\/pages"}],"about":[{"href":"http:\/\/minval.org\/svm\/index.php?rest_route=\/wp\/v2\/types\/page"}],"author":[{"embeddable":true,"href":"http:\/\/minval.org\/svm\/index.php?rest_route=\/wp\/v2\/users\/3"}],"replies":[{"embeddable":true,"href":"http:\/\/minval.org\/svm\/index.php?rest_route=%2Fwp%2Fv2%2Fcomments&post=232"}],"version-history":[{"count":0,"href":"http:\/\/minval.org\/svm\/index.php?rest_route=\/wp\/v2\/pages\/232\/revisions"}],"up":[{"embeddable":true,"href":"http:\/\/minval.org\/svm\/index.php?rest_route=\/wp\/v2\/pages\/195"}],"wp:attachment":[{"href":"http:\/\/minval.org\/svm\/index.php?rest_route=%2Fwp%2Fv2%2Fmedia&parent=232"}],"curies":[{"name":"wp","href":"https:\/\/api.w.org\/{rel}","templated":true}]}}