{"id":2791,"date":"2010-03-03T15:42:07","date_gmt":"2010-03-03T13:42:07","guid":{"rendered":"http:\/\/minval.org\/svm\/?page_id=2791"},"modified":"2010-03-03T15:42:07","modified_gmt":"2010-03-03T13:42:07","slug":"ferias-y-otros-acontecimientos","status":"publish","type":"page","link":"http:\/\/minval.org\/svm\/?page_id=2791","title":{"rendered":"Ferias y eventos"},"content":{"rendered":"<p><!--:es--><\/p>\n<h2 style=\"text-align: center;\">Ferias, jornadas y otros acontecimientos<\/h2>\n<hr \/>\n<p><a href=\"http:\/\/minval.org\/svm\/?p=2794 \">XXIII Feria de minerales de Castell\u00f3n<\/a><\/p>\n<p><a href=\"http:\/\/minval.org\/svm\/?p=2848\" target=\"_blank\" rel=\"noopener noreferrer\">MINERVAL 2010. Cr\u00f3nica de Adri\u00e1n Pesudo<\/a><\/p>\n<p><a href=\"http:\/\/minval.org\/svm\/?p=2889\" target=\"_blank\" rel=\"noopener noreferrer\">XXIV Feria de minerales de Castell\u00f3n<\/a><\/p>\n<p><a href=\"http:\/\/minval.org\/svm\/?p=2986\" target=\"_blank\" rel=\"noopener noreferrer\">XXV Feria de Minerales de Castell\u00f3n<\/a><\/p>\n<p><a href=\"http:\/\/minval.org\/svm\/?p=2992\" target=\"_blank\" rel=\"noopener noreferrer\">Primera mesa de intercambio de Castell\u00f3n (2012)<\/a><!--:--><!--:ca--><\/p>\n<h2 style=\"text-align: center;\">Fires, jornades i altres esdeveniments<\/h2>\n<p>\u00a0<\/p>\n<hr \/>\n<p><a href=\"http:\/\/minval.org\/svm\/?p=2794 \">XXIII Fira de minerals de Castell\u00f3<\/a><\/p>\n<\/p>\n<p><!--:--><!--:en--><\/p>\n<h2 style=\"text-align: center;\">Exhibitions, conferences and other events<\/h2>\n<p>\u00a0<\/p>\n<hr \/>\n<p><a href=\"http:\/\/minval.org\/svm\/?p=2794 \">XXIII Castell\u00f3n &amp; Mineral Show<\/a><\/p>\n<\/p>\n<p><!--:--><\/p>\n","protected":false},"excerpt":{"rendered":"<p>Ferias, jornadas y otros acontecimientos XXIII Feria de minerales de Castell\u00f3n MINERVAL 2010. Cr\u00f3nica de Adri\u00e1n Pesudo XXIV Feria de minerales de Castell\u00f3n XXV Feria de Minerales de Castell\u00f3n Primera mesa de intercambio de Castell\u00f3n (2012) Fires, jornades i altres&#8230;<\/p>\n","protected":false},"author":2,"featured_media":0,"parent":2785,"menu_order":40,"comment_status":"closed","ping_status":"closed","template":"","meta":{"ngg_post_thumbnail":0,"footnotes":""},"_links":{"self":[{"href":"http:\/\/minval.org\/svm\/index.php?rest_route=\/wp\/v2\/pages\/2791"}],"collection":[{"href":"http:\/\/minval.org\/svm\/index.php?rest_route=\/wp\/v2\/pages"}],"about":[{"href":"http:\/\/minval.org\/svm\/index.php?rest_route=\/wp\/v2\/types\/page"}],"author":[{"embeddable":true,"href":"http:\/\/minval.org\/svm\/index.php?rest_route=\/wp\/v2\/users\/2"}],"replies":[{"embeddable":true,"href":"http:\/\/minval.org\/svm\/index.php?rest_route=%2Fwp%2Fv2%2Fcomments&post=2791"}],"version-history":[{"count":0,"href":"http:\/\/minval.org\/svm\/index.php?rest_route=\/wp\/v2\/pages\/2791\/revisions"}],"up":[{"embeddable":true,"href":"http:\/\/minval.org\/svm\/index.php?rest_route=\/wp\/v2\/pages\/2785"}],"wp:attachment":[{"href":"http:\/\/minval.org\/svm\/index.php?rest_route=%2Fwp%2Fv2%2Fmedia&parent=2791"}],"curies":[{"name":"wp","href":"https:\/\/api.w.org\/{rel}","templated":true}]}}